{"id":2139,"date":"2023-07-28T09:45:51","date_gmt":"2023-07-28T06:45:51","guid":{"rendered":"https:\/\/www.callista-bg.com\/za-nas\/"},"modified":"2023-07-28T14:48:53","modified_gmt":"2023-07-28T11:48:53","slug":"za-nas","status":"publish","type":"page","link":"https:\/\/www.callista-bg.com\/cs\/za-nas\/","title":{"rendered":"O nas"},"content":{"rendered":"<p>Spole\u010dnost Callista Group funguje na trhu u\u017e 12 let. Jsme cestovn\u00ed kancel\u00e1\u0159 a z\u00e1rove\u0148 prodejce nemovitost\u00ed v Bulharsku.<\/p>\n<p>Na\u0161im klient\u016fm p\u0159in\u00e1\u0161\u00edme nejen nezapomenuteln\u00e9 z\u00e1\u017eitky, ale i skv\u011bl\u00e9 investi\u010dn\u00ed p\u0159\u00edle\u017eitosti!<\/p>\n<p>Chcete se odreagovat na pl\u00e1\u017ei, pozn\u00e1vat nov\u00e9 kultury nebo investovat do vlastn\u00edho kousku r\u00e1je? Jsme tu pro v\u00e1s!<\/p>\n<p>Na\u0161e slu\u017eby u\u017e vyu\u017eilo tis\u00edce spokojen\u00fdch klient\u016f. Nab\u00edz\u00edme \u0161irokou \u0161k\u00e1lu b\u011b\u017en\u00fdch bal\u00ed\u010dk\u016f z\u00e1jezd\u016f do slunn\u00e9ho Bulharska a pokud preferujete individu\u00e1ln\u00ed pl\u00e1nov\u00e1n\u00ed, nab\u00edz\u00edme tak\u00e9 prodej letenek .<\/p>\n<p>D\u00edky na\u0161\u00ed spolehliv\u00e9 s\u00edti partner\u016f a znalosti m\u00edstn\u00edho trhu v\u00e1m zajist\u00edme ty nejv\u00fdhodn\u011bj\u0161\u00ed nab\u00eddky a flexibilitu p\u0159i pl\u00e1nov\u00e1n\u00ed pobytu. A pokud se zamilujete do kr\u00e1s Bulharska natolik, \u017ee byste cht\u011bli vlastnit kousek r\u00e1je na zemi pr\u00e1v\u011b zde, r\u00e1di v\u00e1m pom\u016f\u017eeme s\u00a0investic\u00ed do nemovitosti.<\/p>\n<p>A\u0165 u\u017e hled\u00e1te \u00a0investi\u010dn\u00ed objekt nebo trval\u00e9 bydlen\u00ed, m\u00e1me pro v\u00e1s skv\u011blou nab\u00eddku nemovitost\u00ed v r\u016fzn\u00fdch \u010d\u00e1stech Bulharska.<\/p>\n<p>Vybrali jsme pro v\u00e1s \u0161irokou \u0161k\u00e1lu nemovitost\u00ed, kter\u00e9 spl\u0148uj\u00ed nejvy\u0161\u0161\u00ed standardy.<\/p>\n<p>V\u0161echny nemovitosti jsou pe\u010dliv\u011b vybr\u00e1ny, aby spl\u0148ovaly va\u0161e po\u017eadavky na kvalitu, lokalitu a hodnotu.<\/p>\n<p>A co je pro v\u00e1s nejd\u016fle\u017eit\u011bj\u0161\u00ed informace, n\u00e1\u0161 t\u00fdm odborn\u00edk\u016f v\u00e1m poskytne ve\u0161kerou pot\u0159ebnou asistenci p\u0159i procesu prodeje a koup\u011b nemovitosti.<\/p>\n<p>Pom\u016f\u017eeme v\u00e1m s prohl\u00eddkou nemovitost\u00ed, vyjedn\u00e1v\u00e1n\u00edm cen, pr\u00e1vn\u00edmi n\u00e1le\u017eitostmi. Zkr\u00e1tka se v\u0161\u00edm, co je pot\u0159eba k \u00fasp\u011b\u0161n\u00e9mu uzav\u0159en\u00ed obchodu.<\/p>\n<p>Investov\u00e1n\u00ed do nemovitost\u00ed v Bulharsku je v\u00fdhodn\u00e9 a perspektivn\u00ed. Bu\u010f si zajist\u00edte stabiln\u00ed zdroj p\u0159\u00edjm\u016f pron\u00e1jmem, nebo si vytvo\u0159\u00edte sv\u00e9 vlastn\u00ed \u00fato\u010di\u0161t\u011b v jednom z nejkr\u00e1sn\u011bj\u0161\u00edch kout\u016f Evropy.<\/p>\n<p>Spole\u010dnost je zalo\u017eena na profesion\u00e1ln\u00edm p\u0159\u00edstupu, osobn\u00edm servisu a dlouholet\u00fdch zku\u0161enostech. Jsme tu, abychom v\u00e1m zajistili perfektn\u00ed servis.<\/p>\n<p>Zodpov\u011bdnost, spolehlivost a p\u00e9\u010de o z\u00e1kazn\u00edka jsou na\u0161e hlavn\u00ed hodnoty.<\/p>\n<p>Kontaktujte n\u00e1s \u00a0a za\u010dn\u011bte pl\u00e1novat! A\u0165 u\u017e va\u0161i vysn\u011bnou dovolenou nebo p\u0159\u00edmo vlastn\u00ed bydlen\u00ed.<\/p>\n<p>T\u011b\u0161\u00edme se na spolupr\u00e1ci s v\u00e1mi!<\/p>\n","protected":false},"excerpt":{"rendered":"<p>Spole\u010dnost Callista Group funguje na trhu u\u017e 12 let. Jsme cestovn\u00ed kancel\u00e1\u0159 a z\u00e1rove\u0148 prodejce nemovitost\u00ed v Bulharsku. Na\u0161im klient\u016fm p\u0159in\u00e1\u0161\u00edme nejen nezapomenuteln\u00e9 z\u00e1\u017eitky, ale i skv\u011bl\u00e9 investi\u010dn\u00ed p\u0159\u00edle\u017eitosti! Chcete se odreagovat na pl\u00e1\u017ei, pozn\u00e1vat nov\u00e9 kultury nebo investovat do vlastn\u00edho kousku r\u00e1je? Jsme tu pro v\u00e1s! Na\u0161e slu\u017eby u\u017e vyu\u017eilo tis\u00edce spokojen\u00fdch klient\u016f. Nab\u00edz\u00edme&#8230;<\/p>\n","protected":false},"author":1,"featured_media":0,"parent":0,"menu_order":0,"comment_status":"closed","ping_status":"closed","template":"","meta":{"om_disable_all_campaigns":false,"_monsterinsights_skip_tracking":false,"_monsterinsights_sitenote_active":false,"_monsterinsights_sitenote_note":"","_monsterinsights_sitenote_category":0,"footnotes":""},"class_list":["post-2139","page","type-page","status-publish","hentry"],"aioseo_notices":[],"_links":{"self":[{"href":"https:\/\/www.callista-bg.com\/cs\/wp-json\/wp\/v2\/pages\/2139","targetHints":{"allow":["GET"]}}],"collection":[{"href":"https:\/\/www.callista-bg.com\/cs\/wp-json\/wp\/v2\/pages"}],"about":[{"href":"https:\/\/www.callista-bg.com\/cs\/wp-json\/wp\/v2\/types\/page"}],"author":[{"embeddable":true,"href":"https:\/\/www.callista-bg.com\/cs\/wp-json\/wp\/v2\/users\/1"}],"replies":[{"embeddable":true,"href":"https:\/\/www.callista-bg.com\/cs\/wp-json\/wp\/v2\/comments?post=2139"}],"version-history":[{"count":2,"href":"https:\/\/www.callista-bg.com\/cs\/wp-json\/wp\/v2\/pages\/2139\/revisions"}],"predecessor-version":[{"id":2169,"href":"https:\/\/www.callista-bg.com\/cs\/wp-json\/wp\/v2\/pages\/2139\/revisions\/2169"}],"wp:attachment":[{"href":"https:\/\/www.callista-bg.com\/cs\/wp-json\/wp\/v2\/media?parent=2139"}],"curies":[{"name":"wp","href":"https:\/\/api.w.org\/{rel}","templated":true}]}}